{"id":2,"date":"2025-06-27T12:41:42","date_gmt":"2025-06-27T10:41:42","guid":{"rendered":"https:\/\/www.fleurs-chez-elles.fr\/?page_id=2"},"modified":"2025-07-20T17:28:36","modified_gmt":"2025-07-20T15:28:36","slug":"page-d-exemple","status":"publish","type":"page","link":"https:\/\/www.fleurs-chez-elles.fr\/?page_id=2","title":{"rendered":"A propos"},"content":{"rendered":"\n<p>Pr\u00e9sents depuis 2005 sur \u00c9vry, nous avons toujours le m\u00eame plaisir \u00e0 ouvrir notre boutique le matin!<\/p>\n","protected":false},"excerpt":{"rendered":"<p>Pr\u00e9sents depuis 2005 sur \u00c9vry, nous avons toujours le m\u00eame plaisir \u00e0 ouvrir notre boutique le matin!<\/p>\n","protected":false},"author":1,"featured_media":0,"parent":0,"menu_order":0,"comment_status":"closed","ping_status":"open","template":"","meta":{"footnotes":""},"class_list":["post-2","page","type-page","status-publish","hentry"],"_links":{"self":[{"href":"https:\/\/www.fleurs-chez-elles.fr\/index.php?rest_route=\/wp\/v2\/pages\/2","targetHints":{"allow":["GET"]}}],"collection":[{"href":"https:\/\/www.fleurs-chez-elles.fr\/index.php?rest_route=\/wp\/v2\/pages"}],"about":[{"href":"https:\/\/www.fleurs-chez-elles.fr\/index.php?rest_route=\/wp\/v2\/types\/page"}],"author":[{"embeddable":true,"href":"https:\/\/www.fleurs-chez-elles.fr\/index.php?rest_route=\/wp\/v2\/users\/1"}],"replies":[{"embeddable":true,"href":"https:\/\/www.fleurs-chez-elles.fr\/index.php?rest_route=%2Fwp%2Fv2%2Fcomments&post=2"}],"version-history":[{"count":3,"href":"https:\/\/www.fleurs-chez-elles.fr\/index.php?rest_route=\/wp\/v2\/pages\/2\/revisions"}],"predecessor-version":[{"id":132,"href":"https:\/\/www.fleurs-chez-elles.fr\/index.php?rest_route=\/wp\/v2\/pages\/2\/revisions\/132"}],"wp:attachment":[{"href":"https:\/\/www.fleurs-chez-elles.fr\/index.php?rest_route=%2Fwp%2Fv2%2Fmedia&parent=2"}],"curies":[{"name":"wp","href":"https:\/\/api.w.org\/{rel}","templated":true}]}}