{"id":11,"date":"2025-06-27T12:51:38","date_gmt":"2025-06-27T10:51:38","guid":{"rendered":"https:\/\/www.fleurs-chez-elles.fr\/?page_id=11"},"modified":"2025-06-27T13:04:03","modified_gmt":"2025-06-27T11:04:03","slug":"contact","status":"publish","type":"page","link":"https:\/\/www.fleurs-chez-elles.fr\/?page_id=11","title":{"rendered":"Contact"},"content":{"rendered":"\n<p>Nous sommes situ\u00e9s dans le Centre Commercial du Parc de Petit-Bourg \u00e0 \u00c9vry village.<\/p>\n\n\n\n<p>Fleurs Chez Elles<br>C. Cial du Parc de Petit-Bourg<br>All\u00e9e Eug\u00e8ne PIAT<br>91000 \u00c9vry-Courcouronnes<\/p>\n\n\n\n<p>Tel: 01 60 77 30 56<\/p>\n\n\n\n<p>email: boutique@fleurs-chez-elles<\/p>\n","protected":false},"excerpt":{"rendered":"<p>Nous sommes situ\u00e9s dans le Centre Commercial du Parc de Petit-Bourg \u00e0 \u00c9vry village. Fleurs Chez EllesC. Cial du Parc de Petit-BourgAll\u00e9e Eug\u00e8ne PIAT91000 \u00c9vry-Courcouronnes Tel: 01 60 77 30 56 email: boutique@fleurs-chez-elles<\/p>\n","protected":false},"author":1,"featured_media":0,"parent":0,"menu_order":0,"comment_status":"closed","ping_status":"closed","template":"page-templates\/contact.php","meta":{"footnotes":""},"class_list":["post-11","page","type-page","status-publish","hentry"],"_links":{"self":[{"href":"https:\/\/www.fleurs-chez-elles.fr\/index.php?rest_route=\/wp\/v2\/pages\/11","targetHints":{"allow":["GET"]}}],"collection":[{"href":"https:\/\/www.fleurs-chez-elles.fr\/index.php?rest_route=\/wp\/v2\/pages"}],"about":[{"href":"https:\/\/www.fleurs-chez-elles.fr\/index.php?rest_route=\/wp\/v2\/types\/page"}],"author":[{"embeddable":true,"href":"https:\/\/www.fleurs-chez-elles.fr\/index.php?rest_route=\/wp\/v2\/users\/1"}],"replies":[{"embeddable":true,"href":"https:\/\/www.fleurs-chez-elles.fr\/index.php?rest_route=%2Fwp%2Fv2%2Fcomments&post=11"}],"version-history":[{"count":2,"href":"https:\/\/www.fleurs-chez-elles.fr\/index.php?rest_route=\/wp\/v2\/pages\/11\/revisions"}],"predecessor-version":[{"id":30,"href":"https:\/\/www.fleurs-chez-elles.fr\/index.php?rest_route=\/wp\/v2\/pages\/11\/revisions\/30"}],"wp:attachment":[{"href":"https:\/\/www.fleurs-chez-elles.fr\/index.php?rest_route=%2Fwp%2Fv2%2Fmedia&parent=11"}],"curies":[{"name":"wp","href":"https:\/\/api.w.org\/{rel}","templated":true}]}}